{"id":5523,"date":"2023-03-02T18:01:45","date_gmt":"2023-03-02T17:01:45","guid":{"rendered":"https:\/\/www.prignitz-mst.de\/kalkulator-cisnienia\/"},"modified":"2025-01-20T18:19:42","modified_gmt":"2025-01-20T17:19:42","slug":"kalkulator-cisnienia","status":"publish","type":"page","link":"https:\/\/www.prignitz-mst.de\/pl\/kalkulator-cisnienia\/","title":{"rendered":"Kalkulator ci\u015bnienia"},"content":{"rendered":"<p>[et_pb_section fb_built=&#8221;1&#8243; _builder_version=&#8221;4.20.0&#8243; _module_preset=&#8221;default&#8221; background_color=&#8221;rgba(0,0,0,0.41)&#8221; use_background_color_gradient=&#8221;on&#8221; background_color_gradient_direction=&#8221;285deg&#8221; background_color_gradient_stops=&#8221;rgba(0,0,0,0.78) 0%|rgba(84,84,84,0.64) 100%&#8221; background_image=&#8221;https:\/\/www.prignitz-mst.de\/wp-content\/uploads\/2022\/10\/pmst_bg_hd_1.jpg&#8221; background_position=&#8221;bottom_center&#8221; background_vertical_offset=&#8221;32%&#8221; background_blend=&#8221;overlay&#8221; custom_padding=&#8221;63px||60px||false|false&#8221; global_colors_info=&#8221;{}&#8221;][et_pb_row column_structure=&#8221;1_6,1_6,1_6,1_2&#8243; disabled_on=&#8221;on|on|off&#8221; _builder_version=&#8221;4.20.0&#8243; _module_preset=&#8221;default&#8221; custom_padding=&#8221;64px||0px||false|false&#8221; global_colors_info=&#8221;{}&#8221;][et_pb_column type=&#8221;1_6&#8243; _builder_version=&#8221;4.18.0&#8243; _module_preset=&#8221;default&#8221; global_colors_info=&#8221;{}&#8221;][et_pb_text _builder_version=&#8221;4.18.1&#8243; _module_preset=&#8221;default&#8221; custom_margin=&#8221;||||false|true&#8221; border_width_top=&#8221;10px&#8221; border_color_top=&#8221;#147721&#8243; global_colors_info=&#8221;{}&#8221;]<\/p>\n<p>&nbsp;<\/p>\n<p>[\/et_pb_text][\/et_pb_column][et_pb_column type=&#8221;1_6&#8243; _builder_version=&#8221;4.18.0&#8243; _module_preset=&#8221;default&#8221; global_colors_info=&#8221;{}&#8221;][et_pb_text _builder_version=&#8221;4.18.0&#8243; _module_preset=&#8221;default&#8221; custom_margin=&#8221;|0px||0px|false|true&#8221; border_color_all=&#8221;#28d637&#8243; border_width_top=&#8221;10px&#8221; border_color_top=&#8221;#1d9b41&#8243; global_colors_info=&#8221;{}&#8221;][\/et_pb_text][\/et_pb_column][et_pb_column type=&#8221;1_6&#8243; _builder_version=&#8221;4.18.0&#8243; _module_preset=&#8221;default&#8221; global_colors_info=&#8221;{}&#8221;][et_pb_text _builder_version=&#8221;4.18.0&#8243; _module_preset=&#8221;default&#8221; border_width_top=&#8221;10px&#8221; border_color_top=&#8221;#7CDA24&#8243; global_colors_info=&#8221;{}&#8221;][\/et_pb_text][\/et_pb_column][et_pb_column type=&#8221;1_2&#8243; _builder_version=&#8221;4.18.0&#8243; _module_preset=&#8221;default&#8221; global_colors_info=&#8221;{}&#8221;][\/et_pb_column][\/et_pb_row][et_pb_row column_structure=&#8221;3_5,2_5&#8243; _builder_version=&#8221;4.18.1&#8243; _module_preset=&#8221;default&#8221; custom_margin=&#8221;0px||||false|false&#8221; custom_padding=&#8221;7px|||||&#8221; global_colors_info=&#8221;{}&#8221;][et_pb_column type=&#8221;3_5&#8243; _builder_version=&#8221;4.20.0&#8243; _module_preset=&#8221;default&#8221; global_colors_info=&#8221;{}&#8221;][et_pb_text _builder_version=&#8221;4.20.0&#8243; _module_preset=&#8221;default&#8221; text_text_color=&#8221;#FFFFFF&#8221; text_line_height=&#8221;1.9em&#8221; header_4_font=&#8221;|||on|||||&#8221; header_4_text_color=&#8221;#FFFFFF&#8221; header_4_font_size=&#8221;70px&#8221; header_5_font=&#8221;||||||||&#8221; header_5_text_color=&#8221;#7CDA24&#8243; header_5_font_size=&#8221;26px&#8221; header_5_line_height=&#8221;0em&#8221; background_color=&#8221;rgba(0,0,0,0.54)&#8221; custom_margin=&#8221;0px||0px||false|false&#8221; custom_padding=&#8221;43px|21px|43px|21px|true|true&#8221; header_4_font_size_tablet=&#8221;70px&#8221; header_4_font_size_phone=&#8221;38px&#8221; header_4_font_size_last_edited=&#8221;on|phone&#8221; header_5_line_height_tablet=&#8221;0em&#8221; header_5_line_height_phone=&#8221;0.3em&#8221; header_5_line_height_last_edited=&#8221;on|phone&#8221; border_radii=&#8221;on|10px|10px|10px|10px&#8221; global_colors_info=&#8221;{}&#8221;]<\/p>\n<h5>Galaktyka indywidualnych rozwi\u0105za\u0144<\/h5>\n<h4>Konwerter ci\u015bnienia<\/h4>\n<p>[\/et_pb_text][\/et_pb_column][et_pb_column type=&#8221;2_5&#8243; _builder_version=&#8221;4.18.1&#8243; _module_preset=&#8221;default&#8221; global_colors_info=&#8221;{}&#8221;][et_pb_image src=&#8221;https:\/\/www.prignitz-mst.de\/wp-content\/uploads\/2022\/09\/logotype_white.png&#8221; title_text=&#8221;logotype_white&#8221; _builder_version=&#8221;4.20.0&#8243; _module_preset=&#8221;default&#8221; custom_padding=&#8221;56px||||false|false&#8221; custom_padding_tablet=&#8221;56px||||false|false&#8221; custom_padding_phone=&#8221;0px||||false|false&#8221; custom_padding_last_edited=&#8221;on|phone&#8221; global_colors_info=&#8221;{}&#8221;][\/et_pb_image][\/et_pb_column][\/et_pb_row][\/et_pb_section][et_pb_section fb_built=&#8221;1&#8243; admin_label=&#8221;Sektion&#8221; _builder_version=&#8221;4.18.1&#8243; _module_preset=&#8221;default&#8221; use_background_color_gradient=&#8221;on&#8221; background_color_gradient_direction=&#8221;90deg&#8221; background_color_gradient_stops=&#8221;#147721 0%|#147721 25%|#1d9b41 40%|#1d9b41 60%|#7cda24 75%|#7cda24 100%&#8221; min_height=&#8221;6px&#8221; height=&#8221;10px&#8221; custom_padding=&#8221;0px||0px||false|false&#8221; saved_tabs=&#8221;all&#8221; global_colors_info=&#8221;{}&#8221;][\/et_pb_section][et_pb_section fb_built=&#8221;1&#8243; _builder_version=&#8221;4.20.0&#8243; _module_preset=&#8221;default&#8221; background_color=&#8221;#FFFFFF&#8221; background_image=&#8221;https:\/\/www.prignitz-mst.de\/wp-content\/uploads\/2023\/03\/calculator_bg-1.jpg&#8221; background_position=&#8221;bottom_right&#8221; background_blend=&#8221;multiply&#8221; custom_padding=&#8221;15px||83px|||&#8221; global_colors_info=&#8221;{}&#8221;][et_pb_row admin_label=&#8221;Zeile&#8221; _builder_version=&#8221;4.20.0&#8243; _module_preset=&#8221;default&#8221; background_color=&#8221;RGBA(255,255,255,0)&#8221; background_enable_image=&#8221;off&#8221; background_size=&#8221;contain&#8221; background_position=&#8221;top_left&#8221; custom_margin=&#8221;33px|auto||auto|false|false&#8221; custom_padding=&#8221;9px||9px||true|false&#8221; global_colors_info=&#8221;{}&#8221;][et_pb_column type=&#8221;4_4&#8243; _builder_version=&#8221;4.18.0&#8243; _module_preset=&#8221;default&#8221; global_colors_info=&#8221;{}&#8221;][et_pb_text _builder_version=&#8221;4.20.0&#8243; _module_preset=&#8221;default&#8221; text_font=&#8221;|300|||||||&#8221; text_text_color=&#8221;#FFFFFF&#8221; text_font_size=&#8221;22px&#8221; text_letter_spacing=&#8221;1px&#8221; background_color=&#8221;#1D9B41&#8243; text_orientation=&#8221;center&#8221; custom_padding=&#8221;25px||25px||true|false&#8221; custom_padding_tablet=&#8221;25px||25px||true|false&#8221; custom_padding_phone=&#8221;|22px||22px|true|true&#8221; custom_padding_last_edited=&#8221;on|phone&#8221; text_font_size_tablet=&#8221;22px&#8221; text_font_size_phone=&#8221;16px&#8221; text_font_size_last_edited=&#8221;on|phone&#8221; border_radii=&#8221;on|10px|10px|10px|10px&#8221; box_shadow_style=&#8221;preset2&#8243; global_colors_info=&#8221;{}&#8221;]<\/p>\n<p>Konwerter dzia\u0142a w formacie mi\u0119dzynarodowym i u\u017cywa kropki jako <strong>przecinka<\/strong>.<br \/>Pami\u0119taj o tym podczas wprowadzania danych!<\/p>\n<p>[\/et_pb_text][et_pb_code _builder_version=&#8221;4.27.4&#8243; _module_preset=&#8221;default&#8221; background_color=&#8221;rgba(255,255,255,0.82)&#8221; module_alignment=&#8221;center&#8221; custom_margin=&#8221;0px||||false|false&#8221; custom_padding=&#8221;29px||29px||true|false&#8221; hover_enabled=&#8221;0&#8243; border_radii=&#8221;on|10px|10px|10px|10px&#8221; box_shadow_style=&#8221;preset1&#8243; global_colors_info=&#8221;{}&#8221; sticky_enabled=&#8221;0&#8243;]<!-- [et_pb_line_break_holder] -->    <!-- [et_pb_line_break_holder] -->        <meta charset=\"UTF-8\"><!-- [et_pb_line_break_holder] -->        <script type=\"application\/javascript\" src=\"\/wp-content\/calculator\/script.js\"><\/script><!-- [et_pb_line_break_holder] -->        <link rel=\"stylesheet\" type=\"text\/css\" href=\"\/wp-content\/calculator\/style.css\"><!-- [et_pb_line_break_holder] --><!-- [et_pb_line_break_holder] -->    <!-- [et_pb_line_break_holder] -->    <!-- [et_pb_line_break_holder] -->        <\/p>\n<div class=\"container\" style=\"text-align: center;\"><!-- [et_pb_line_break_holder] -->            <\/p>\n<div class=\"field\"><!-- [et_pb_line_break_holder] -->                <input type=\"text\" id=\"calculator_bar\" name=\"Bar\" onfocusin=\"cleanOnChange();\" oninput=\"getInput(this);\"><!-- [et_pb_line_break_holder] -->                <span>Bar  [bar]<\/span><!-- [et_pb_line_break_holder] -->            <\/div>\n<p><!-- [et_pb_line_break_holder] -->            <\/p>\n<div class=\"field\"><!-- [et_pb_line_break_holder] -->                <input type=\"text\" id=\"calculator_mbar\" name=\"Millibar\" onfocusin=\"cleanOnChange();\" oninput=\"getInput(this);\"><!-- [et_pb_line_break_holder] -->                <span>Milibar  [mbar]<\/span><!-- [et_pb_line_break_holder] -->            <\/div>\n<p><!-- [et_pb_line_break_holder] -->            <\/p>\n<div class=\"field\"><!-- [et_pb_line_break_holder] -->                <input type=\"text\" id=\"calculator_psi\" name=\"Psi\" onfocusin=\"cleanOnChange();\" oninput=\"getInput(this);\"><!-- [et_pb_line_break_holder] -->                <span>Psi  [psi]<\/span><!-- [et_pb_line_break_holder] -->            <\/div>\n<p><!-- [et_pb_line_break_holder] -->            <\/p>\n<div class=\"field\"><!-- [et_pb_line_break_holder] -->                <input type=\"text\" id=\"calculator_pascal\" name=\"Pascal\" onfocusin=\"cleanOnChange();\" oninput=\"getInput(this);\"><!-- [et_pb_line_break_holder] -->                <span>Pascal  [Pa]<\/span><!-- [et_pb_line_break_holder] -->            <\/div>\n<p><!-- [et_pb_line_break_holder] -->            <\/p>\n<div class=\"field\"><!-- [et_pb_line_break_holder] -->                <input type=\"text\" id=\"calculator_kilopascal\" name=\"Kilopascal\" onfocusin=\"cleanOnChange();\" oninput=\"getInput(this);\"><!-- [et_pb_line_break_holder] -->                <span>Kilopaskal  [kPa]<\/span><!-- [et_pb_line_break_holder] -->            <\/div>\n<p><!-- [et_pb_line_break_holder] -->            <\/p>\n<div class=\"field\"><!-- [et_pb_line_break_holder] -->                <input type=\"text\" id=\"calculator_hektopascal\" name=\"Hektopascal\" onfocusin=\"cleanOnChange();\" oninput=\"getInput(this);\"><!-- [et_pb_line_break_holder] -->                <span>Hektopascal  [hPa]<\/span><!-- [et_pb_line_break_holder] -->            <\/div>\n<p><!-- [et_pb_line_break_holder] -->            <\/p>\n<div class=\"field\"><!-- [et_pb_line_break_holder] -->                 <input type=\"text\" id=\"calculator_megapascal\" <!-- [et_pb_line_break_holder] -->name=&#8221;Megapascal&#8221; onfocusin=&#8221;cleanOnChange();&#8221; oninput=&#8221;getInput(this);&#8221;\/><!-- [et_pb_line_break_holder] -->                 <span>Megapascal [MPa]<\/span><!-- [et_pb_line_break_holder] -->             <\/div>\n<p><!-- [et_pb_line_break_holder] -->            <\/p>\n<div class=\"field\"><!-- [et_pb_line_break_holder] -->                <input type=\"text\" id=\"calculator_atm\" name=\"atm\" onfocusin=\"cleanOnChange();\" oninput=\"getInput(this);\"><!-- [et_pb_line_break_holder] -->                <span>atm<\/span><!-- [et_pb_line_break_holder] -->            <\/div>\n<p><!-- [et_pb_line_break_holder] -->            <\/p>\n<div class=\"field\"><!-- [et_pb_line_break_holder] -->                <input type=\"text\" id=\"calculator_mmwasser\" name=\"mmWasser\" onfocusin=\"cleanOnChange();\" oninput=\"getInput(this);\"><!-- [et_pb_line_break_holder] -->                <span><sub>mmH2O<\/sub><\/span><!-- [et_pb_line_break_holder] -->            <\/div>\n<p><!-- [et_pb_line_break_holder] -->            <\/p>\n<div class=\"field\"><!-- [et_pb_line_break_holder] -->                <input type=\"text\" id=\"calculator_zollwasser\" name=\"zollWasser\" onfocusin=\"cleanOnChange();\" oninput=\"getInput(this);\"><!-- [et_pb_line_break_holder] -->                <span><sub>inchH2O<\/sub><\/span><!-- [et_pb_line_break_holder] -->            <\/div>\n<p><!-- [et_pb_line_break_holder] -->            <\/p>\n<div class=\"field\"><!-- [et_pb_line_break_holder] -->                <input type=\"text\" id=\"calculator_mmhg\" name=\"mmHg\" onfocusin=\"cleanOnChange();\" oninput=\"getInput(this);\"><!-- [et_pb_line_break_holder] -->                <span>mmHg<\/span><!-- [et_pb_line_break_holder] -->            <\/div>\n<p><!-- [et_pb_line_break_holder] -->            <\/p>\n<div class=\"field\"><!-- [et_pb_line_break_holder] -->                <input type=\"text\" id=\"calculator_zollhg\" name=\"zollHg\" onfocusin=\"cleanOnChange();\" oninput=\"getInput(this);\"><!-- [et_pb_line_break_holder] -->                <span>inchHg<\/span><!-- [et_pb_line_break_holder] -->            <\/div>\n<p><!-- [et_pb_line_break_holder] -->            <\/p>\n<div class=\"field\"><!-- [et_pb_line_break_holder] -->                <input type=\"text\" id=\"calculator_mwasser\" name=\"mWasser\" onfocusin=\"cleanOnChange();\" oninput=\"getInput(this);\"><!-- [et_pb_line_break_holder] -->                <span><sub>mH2O<\/sub><\/span><!-- [et_pb_line_break_holder] -->            <\/div>\n<p><!-- [et_pb_line_break_holder] -->            <\/p>\n<div class=\"field\"><!-- [et_pb_line_break_holder] -->                <input type=\"text\" id=\"calculator_ftwasser\" name=\"ftWasser\" onfocusin=\"cleanOnChange();\" oninput=\"getInput(this);\"><!-- [et_pb_line_break_holder] -->                <span><sub>ftH20<\/sub><\/span><!-- [et_pb_line_break_holder] -->            <\/div>\n<p><!-- [et_pb_line_break_holder] -->            <!\u2013- [et_pb_br_holder] -\u2013><!-- [et_pb_line_break_holder] -->            <\/p>\n<div class=\"reset\"><!-- [et_pb_line_break_holder] -->                <button onclick=\"cleanOnTyping('');\">Reset<\/button><!-- [et_pb_line_break_holder] -->            <\/div>\n<p><!-- [et_pb_line_break_holder] -->        <\/div>\n<p><!-- [et_pb_line_break_holder] -->    <!-- [et_pb_line_break_holder] -->[\/et_pb_code][\/et_pb_column][\/et_pb_row][\/et_pb_section][et_pb_section fb_built=&#8221;1&#8243; _builder_version=&#8221;4.18.0&#8243; _module_preset=&#8221;default&#8221; use_background_color_gradient=&#8221;on&#8221; background_color_gradient_direction=&#8221;90deg&#8221; background_color_gradient_stops=&#8221;#147721 33%|#1d9b41 33%|rgba(35, 183, 71, 1) 67%|#7cda24 67%&#8221; min_height=&#8221;10px&#8221; height=&#8221;10px&#8221; custom_padding=&#8221;0px||0px||false|false&#8221; global_colors_info=&#8221;{}&#8221;][\/et_pb_section][et_pb_section fb_built=&#8221;1&#8243; _builder_version=&#8221;4.18.0&#8243; _module_preset=&#8221;default&#8221; background_color=&#8221;#545454&#8243; custom_margin=&#8221;||||true|false&#8221; custom_padding=&#8221;0px||0px||true|false&#8221; global_colors_info=&#8221;{}&#8221;][et_pb_row _builder_version=&#8221;4.20.0&#8243; _module_preset=&#8221;default&#8221; width_tablet=&#8221;&#8221; width_phone=&#8221;100%&#8221; width_last_edited=&#8221;on|phone&#8221; custom_padding=&#8221;0px||0px||true|false&#8221; global_colors_info=&#8221;{}&#8221;][et_pb_column type=&#8221;4_4&#8243; _builder_version=&#8221;4.18.0&#8243; _module_preset=&#8221;default&#8221; global_colors_info=&#8221;{}&#8221;][et_pb_text _builder_version=&#8221;4.18.0&#8243; _module_preset=&#8221;default&#8221; text_text_color=&#8221;#FFFFFF&#8221; background_color=&#8221;RGBA(255,255,255,0)&#8221; global_colors_info=&#8221;{}&#8221;]<\/p>\n<div class=\"et_pb_row et_pb_row_20\">\n<div class=\"et_pb_column et_pb_column_4_4 et_pb_column_33 et_pb_css_mix_blend_mode_passthrough et-last-child\">\n<div class=\"et_pb_module et_pb_text et_pb_text_44 et_pb_text_align_left et_pb_bg_layout_light\">\n<div class=\"et_pb_text_inner\">\n<p>\u00ae 2023 PRIGNITZ Mikrosystemtechnik GmbH<br \/>All rights reserved. \/ Alle Rechte vorbehalten.<\/p>\n<\/div>\n<\/div>\n<\/div>\n<\/div>\n<p>[\/et_pb_text][\/et_pb_column][\/et_pb_row][\/et_pb_section]<\/p>\n","protected":false},"excerpt":{"rendered":"<p>&nbsp;Galaktyka indywidualnych rozwi\u0105za\u0144 Konwerter ci\u015bnieniaKonwerter dzia\u0142a w formacie mi\u0119dzynarodowym i u\u017cywa kropki jako przecinka.Pami\u0119taj o tym podczas wprowadzania danych! Bar [bar] Milibar [mbar] Psi [psi] Pascal [Pa] Kilopaskal [kPa] Hektopascal [hPa] name=&#8221;Megapascal&#8221; onfocusin=&#8221;cleanOnChange();&#8221; oninput=&#8221;getInput(this);&#8221;\/ Megapascal [MPa] atm mmH2O inchH2O mmHg inchHg mH2O ftH20 Reset \u00ae 2023 PRIGNITZ Mikrosystemtechnik GmbHAll rights reserved. \/ Alle Rechte vorbehalten.<\/p>\n","protected":false},"author":2,"featured_media":0,"parent":0,"menu_order":0,"comment_status":"closed","ping_status":"closed","template":"","meta":{"_et_pb_use_builder":"on","_et_pb_old_content":"","_et_gb_content_width":"","footnotes":""},"class_list":["post-5523","page","type-page","status-publish","hentry"],"yoast_head":"<!-- This site is optimized with the Yoast SEO plugin v26.8 - https:\/\/yoast.com\/product\/yoast-seo-wordpress\/ -->\n<title>Kalkulator ci\u015bnienia - PRIGNITZ Mikrosystemtechnik<\/title>\n<meta name=\"robots\" content=\"index, follow, max-snippet:-1, max-image-preview:large, max-video-preview:-1\" \/>\n<link rel=\"canonical\" href=\"https:\/\/www.prignitz-mst.de\/pressure-calculator\/\" \/>\n<meta property=\"og:locale\" content=\"pl_PL\" \/>\n<meta property=\"og:type\" content=\"article\" \/>\n<meta property=\"og:title\" content=\"Kalkulator ci\u015bnienia - PRIGNITZ Mikrosystemtechnik\" \/>\n<meta property=\"og:description\" content=\"&nbsp;Galaktyka indywidualnych rozwi\u0105za\u0144 Konwerter ci\u015bnieniaKonwerter dzia\u0142a w formacie mi\u0119dzynarodowym i u\u017cywa kropki jako przecinka.Pami\u0119taj o tym podczas wprowadzania danych! Bar [bar] Milibar [mbar] Psi [psi] Pascal [Pa] Kilopaskal [kPa] Hektopascal [hPa] name=&quot;Megapascal&quot; onfocusin=&quot;cleanOnChange();&quot; oninput=&quot;getInput(this);&quot;\/ Megapascal [MPa] atm mmH2O inchH2O mmHg inchHg mH2O ftH20 Reset \u00ae 2023 PRIGNITZ Mikrosystemtechnik GmbHAll rights reserved. \/ Alle Rechte vorbehalten.\" \/>\n<meta property=\"og:url\" content=\"https:\/\/www.prignitz-mst.de\/pressure-calculator\/\" \/>\n<meta property=\"og:site_name\" content=\"PRIGNITZ Mikrosystemtechnik\" \/>\n<meta property=\"article:modified_time\" content=\"2025-01-20T17:19:42+00:00\" \/>\n<meta name=\"twitter:card\" content=\"summary_large_image\" \/>\n<meta name=\"twitter:label1\" content=\"Szacowany czas czytania\" \/>\n\t<meta name=\"twitter:data1\" content=\"5 minut\" \/>\n<script type=\"application\/ld+json\" class=\"yoast-schema-graph\">{\"@context\":\"https:\/\/schema.org\",\"@graph\":[{\"@type\":\"WebPage\",\"@id\":\"https:\/\/www.prignitz-mst.de\/pressure-calculator\/\",\"url\":\"https:\/\/www.prignitz-mst.de\/pressure-calculator\/\",\"name\":\"Kalkulator ci\u015bnienia - PRIGNITZ Mikrosystemtechnik\",\"isPartOf\":{\"@id\":\"https:\/\/www.prignitz-mst.de\/#website\"},\"datePublished\":\"2023-03-02T17:01:45+00:00\",\"dateModified\":\"2025-01-20T17:19:42+00:00\",\"breadcrumb\":{\"@id\":\"https:\/\/www.prignitz-mst.de\/pressure-calculator\/#breadcrumb\"},\"inLanguage\":\"pl-PL\",\"potentialAction\":[{\"@type\":\"ReadAction\",\"target\":[\"https:\/\/www.prignitz-mst.de\/pressure-calculator\/\"]}]},{\"@type\":\"BreadcrumbList\",\"@id\":\"https:\/\/www.prignitz-mst.de\/pressure-calculator\/#breadcrumb\",\"itemListElement\":[{\"@type\":\"ListItem\",\"position\":1,\"name\":\"Startseite\",\"item\":\"https:\/\/www.prignitz-mst.de\/pl\/\"},{\"@type\":\"ListItem\",\"position\":2,\"name\":\"Kalkulator ci\u015bnienia\"}]},{\"@type\":\"WebSite\",\"@id\":\"https:\/\/www.prignitz-mst.de\/#website\",\"url\":\"https:\/\/www.prignitz-mst.de\/\",\"name\":\"PRIGNITZ Mikrosystemtechnik\",\"description\":\"pressure sensors for Hydrogen\",\"potentialAction\":[{\"@type\":\"SearchAction\",\"target\":{\"@type\":\"EntryPoint\",\"urlTemplate\":\"https:\/\/www.prignitz-mst.de\/?s={search_term_string}\"},\"query-input\":{\"@type\":\"PropertyValueSpecification\",\"valueRequired\":true,\"valueName\":\"search_term_string\"}}],\"inLanguage\":\"pl-PL\"}]}<\/script>\n<!-- \/ Yoast SEO plugin. -->","yoast_head_json":{"title":"Kalkulator ci\u015bnienia - PRIGNITZ Mikrosystemtechnik","robots":{"index":"index","follow":"follow","max-snippet":"max-snippet:-1","max-image-preview":"max-image-preview:large","max-video-preview":"max-video-preview:-1"},"canonical":"https:\/\/www.prignitz-mst.de\/pressure-calculator\/","og_locale":"pl_PL","og_type":"article","og_title":"Kalkulator ci\u015bnienia - PRIGNITZ Mikrosystemtechnik","og_description":"&nbsp;Galaktyka indywidualnych rozwi\u0105za\u0144 Konwerter ci\u015bnieniaKonwerter dzia\u0142a w formacie mi\u0119dzynarodowym i u\u017cywa kropki jako przecinka.Pami\u0119taj o tym podczas wprowadzania danych! Bar [bar] Milibar [mbar] Psi [psi] Pascal [Pa] Kilopaskal [kPa] Hektopascal [hPa] name=\"Megapascal\" onfocusin=\"cleanOnChange();\" oninput=\"getInput(this);\"\/ Megapascal [MPa] atm mmH2O inchH2O mmHg inchHg mH2O ftH20 Reset \u00ae 2023 PRIGNITZ Mikrosystemtechnik GmbHAll rights reserved. \/ Alle Rechte vorbehalten.","og_url":"https:\/\/www.prignitz-mst.de\/pressure-calculator\/","og_site_name":"PRIGNITZ Mikrosystemtechnik","article_modified_time":"2025-01-20T17:19:42+00:00","twitter_card":"summary_large_image","twitter_misc":{"Szacowany czas czytania":"5 minut"},"schema":{"@context":"https:\/\/schema.org","@graph":[{"@type":"WebPage","@id":"https:\/\/www.prignitz-mst.de\/pressure-calculator\/","url":"https:\/\/www.prignitz-mst.de\/pressure-calculator\/","name":"Kalkulator ci\u015bnienia - PRIGNITZ Mikrosystemtechnik","isPartOf":{"@id":"https:\/\/www.prignitz-mst.de\/#website"},"datePublished":"2023-03-02T17:01:45+00:00","dateModified":"2025-01-20T17:19:42+00:00","breadcrumb":{"@id":"https:\/\/www.prignitz-mst.de\/pressure-calculator\/#breadcrumb"},"inLanguage":"pl-PL","potentialAction":[{"@type":"ReadAction","target":["https:\/\/www.prignitz-mst.de\/pressure-calculator\/"]}]},{"@type":"BreadcrumbList","@id":"https:\/\/www.prignitz-mst.de\/pressure-calculator\/#breadcrumb","itemListElement":[{"@type":"ListItem","position":1,"name":"Startseite","item":"https:\/\/www.prignitz-mst.de\/pl\/"},{"@type":"ListItem","position":2,"name":"Kalkulator ci\u015bnienia"}]},{"@type":"WebSite","@id":"https:\/\/www.prignitz-mst.de\/#website","url":"https:\/\/www.prignitz-mst.de\/","name":"PRIGNITZ Mikrosystemtechnik","description":"pressure sensors for Hydrogen","potentialAction":[{"@type":"SearchAction","target":{"@type":"EntryPoint","urlTemplate":"https:\/\/www.prignitz-mst.de\/?s={search_term_string}"},"query-input":{"@type":"PropertyValueSpecification","valueRequired":true,"valueName":"search_term_string"}}],"inLanguage":"pl-PL"}]}},"_links":{"self":[{"href":"https:\/\/www.prignitz-mst.de\/pl\/wp-json\/wp\/v2\/pages\/5523","targetHints":{"allow":["GET"]}}],"collection":[{"href":"https:\/\/www.prignitz-mst.de\/pl\/wp-json\/wp\/v2\/pages"}],"about":[{"href":"https:\/\/www.prignitz-mst.de\/pl\/wp-json\/wp\/v2\/types\/page"}],"author":[{"embeddable":true,"href":"https:\/\/www.prignitz-mst.de\/pl\/wp-json\/wp\/v2\/users\/2"}],"replies":[{"embeddable":true,"href":"https:\/\/www.prignitz-mst.de\/pl\/wp-json\/wp\/v2\/comments?post=5523"}],"version-history":[{"count":6,"href":"https:\/\/www.prignitz-mst.de\/pl\/wp-json\/wp\/v2\/pages\/5523\/revisions"}],"predecessor-version":[{"id":5682,"href":"https:\/\/www.prignitz-mst.de\/pl\/wp-json\/wp\/v2\/pages\/5523\/revisions\/5682"}],"wp:attachment":[{"href":"https:\/\/www.prignitz-mst.de\/pl\/wp-json\/wp\/v2\/media?parent=5523"}],"curies":[{"name":"wp","href":"https:\/\/api.w.org\/{rel}","templated":true}]}}