{"id":5544,"date":"2024-03-21T18:06:42","date_gmt":"2024-03-21T17:06:42","guid":{"rendered":"https:\/\/www.prignitz-mst.de\/kontakt\/rma\/"},"modified":"2025-01-20T21:43:31","modified_gmt":"2025-01-20T20:43:31","slug":"rma","status":"publish","type":"page","link":"https:\/\/www.prignitz-mst.de\/pl\/kontakt\/rma\/","title":{"rendered":"RMA"},"content":{"rendered":"<p>[et_pb_section fb_built=&#8221;1&#8243; _builder_version=&#8221;4.19.4&#8243; _module_preset=&#8221;default&#8221; background_color=&#8221;rgba(0,0,0,0.41)&#8221; use_background_color_gradient=&#8221;on&#8221; background_color_gradient_direction=&#8221;285deg&#8221; background_color_gradient_stops=&#8221;rgba(0,0,0,0.78) 0%|rgba(84,84,84,0.64) 100%&#8221; background_image=&#8221;https:\/\/www.prignitz-mst.de\/wp-content\/uploads\/2022\/12\/background1-scaled.jpg&#8221; background_position=&#8221;bottom_center&#8221; background_vertical_offset=&#8221;22%&#8221; background_blend=&#8221;overlay&#8221; custom_padding=&#8221;||32px|||&#8221; global_colors_info=&#8221;{}&#8221;][et_pb_row column_structure=&#8221;1_6,1_6,1_6,1_2&#8243; disabled_on=&#8221;on|on|off&#8221; _builder_version=&#8221;4.20.0&#8243; _module_preset=&#8221;default&#8221; custom_padding=&#8221;105px||0px||false|false&#8221; global_colors_info=&#8221;{}&#8221;][et_pb_column type=&#8221;1_6&#8243; _builder_version=&#8221;4.18.0&#8243; _module_preset=&#8221;default&#8221; global_colors_info=&#8221;{}&#8221;][et_pb_text _builder_version=&#8221;4.18.1&#8243; _module_preset=&#8221;default&#8221; custom_margin=&#8221;||||false|true&#8221; border_width_top=&#8221;10px&#8221; border_color_top=&#8221;#147721&#8243; global_colors_info=&#8221;{}&#8221;]<\/p>\n<p>&nbsp;<\/p>\n<p>[\/et_pb_text][\/et_pb_column][et_pb_column type=&#8221;1_6&#8243; _builder_version=&#8221;4.18.0&#8243; _module_preset=&#8221;default&#8221; global_colors_info=&#8221;{}&#8221;][et_pb_text _builder_version=&#8221;4.18.0&#8243; _module_preset=&#8221;default&#8221; custom_margin=&#8221;|0px||0px|false|true&#8221; border_color_all=&#8221;#28d637&#8243; border_width_top=&#8221;10px&#8221; border_color_top=&#8221;#1d9b41&#8243; global_colors_info=&#8221;{}&#8221;][\/et_pb_text][\/et_pb_column][et_pb_column type=&#8221;1_6&#8243; _builder_version=&#8221;4.18.0&#8243; _module_preset=&#8221;default&#8221; global_colors_info=&#8221;{}&#8221;][et_pb_text _builder_version=&#8221;4.18.0&#8243; _module_preset=&#8221;default&#8221; border_width_top=&#8221;10px&#8221; border_color_top=&#8221;#7CDA24&#8243; global_colors_info=&#8221;{}&#8221;][\/et_pb_text][\/et_pb_column][et_pb_column type=&#8221;1_2&#8243; _builder_version=&#8221;4.18.0&#8243; _module_preset=&#8221;default&#8221; global_colors_info=&#8221;{}&#8221;][\/et_pb_column][\/et_pb_row][et_pb_row column_structure=&#8221;1_2,1_2&#8243; _builder_version=&#8221;4.18.1&#8243; _module_preset=&#8221;default&#8221; custom_margin=&#8221;0px||||false|false&#8221; custom_padding=&#8221;7px|||||&#8221; global_colors_info=&#8221;{}&#8221;][et_pb_column type=&#8221;1_2&#8243; _builder_version=&#8221;4.18.1&#8243; _module_preset=&#8221;default&#8221; global_colors_info=&#8221;{}&#8221;][et_pb_image src=&#8221;https:\/\/www.prignitz-mst.de\/wp-content\/uploads\/2022\/09\/logotype_white.png&#8221; title_text=&#8221;logotype_white&#8221; align=&#8221;center&#8221; disabled_on=&#8221;off|off|on&#8221; _builder_version=&#8221;4.20.0&#8243; _module_preset=&#8221;default&#8221; width=&#8221;100%&#8221; custom_margin=&#8221;0px||||false|false&#8221; custom_margin_tablet=&#8221;0px||||false|false&#8221; custom_margin_phone=&#8221;56px||||false|false&#8221; custom_margin_last_edited=&#8221;on|desktop&#8221; custom_padding=&#8221;13px||||false|false&#8221; global_colors_info=&#8221;{}&#8221;][\/et_pb_image][et_pb_text _builder_version=&#8221;4.24.2&#8243; _module_preset=&#8221;default&#8221; text_text_color=&#8221;#FFFFFF&#8221; text_line_height=&#8221;1.9em&#8221; header_4_font=&#8221;|||on|||||&#8221; header_4_text_color=&#8221;#FFFFFF&#8221; header_4_font_size=&#8221;70px&#8221; header_5_font=&#8221;||||||||&#8221; header_5_text_color=&#8221;#7CDA24&#8243; header_5_font_size=&#8221;26px&#8221; header_5_line_height=&#8221;0em&#8221; background_color=&#8221;RGBA(255,255,255,0)&#8221; custom_margin=&#8221;28px||0px||false|false&#8221; custom_padding=&#8221;11px||36px||false|false&#8221; header_4_text_align_tablet=&#8221;&#8221; header_4_text_align_phone=&#8221;center&#8221; header_4_text_align_last_edited=&#8221;on|phone&#8221; header_4_font_size_tablet=&#8221;70px&#8221; header_4_font_size_phone=&#8221;37px&#8221; header_4_font_size_last_edited=&#8221;on|phone&#8221; header_5_text_align_tablet=&#8221;&#8221; header_5_text_align_phone=&#8221;center&#8221; header_5_text_align_last_edited=&#8221;on|phone&#8221; global_colors_info=&#8221;{}&#8221;]<\/p>\n<h5>Galaktyka niestandardowych rozwi\u0105za\u0144<\/h5>\n<h4><\/h4>\n<h4><\/h4>\n<h4>RMA<\/h4>\n<p>[\/et_pb_text][\/et_pb_column][et_pb_column type=&#8221;1_2&#8243; _builder_version=&#8221;4.18.1&#8243; _module_preset=&#8221;default&#8221; global_colors_info=&#8221;{}&#8221;][\/et_pb_column][\/et_pb_row][\/et_pb_section][et_pb_section fb_built=&#8221;1&#8243; admin_label=&#8221;Sektion&#8221; _builder_version=&#8221;4.18.1&#8243; _module_preset=&#8221;default&#8221; use_background_color_gradient=&#8221;on&#8221; background_color_gradient_direction=&#8221;90deg&#8221; background_color_gradient_stops=&#8221;#147721 0%|#147721 25%|#1d9b41 40%|#1d9b41 60%|#7cda24 75%|#7cda24 100%&#8221; min_height=&#8221;10px&#8221; height=&#8221;10px&#8221; custom_padding=&#8221;0px||0px||false|false&#8221; saved_tabs=&#8221;all&#8221; global_colors_info=&#8221;{}&#8221;][\/et_pb_section][et_pb_section fb_built=&#8221;1&#8243; _builder_version=&#8221;4.20.0&#8243; _module_preset=&#8221;default&#8221; background_color=&#8221;rgba(255,255,255,0.91)&#8221; background_image=&#8221;https:\/\/www.prignitz-mst.de\/wp-content\/uploads\/2023\/02\/L1A0490.jpg&#8221; background_size=&#8221;custom&#8221; background_image_width=&#8221;50%&#8221; background_image_height=&#8221;0%&#8221; background_position=&#8221;top_left&#8221; background_horizontal_offset=&#8221;0%&#8221; background_vertical_offset=&#8221;0%&#8221; custom_padding=&#8221;20px|||||&#8221; background_last_edited=&#8221;on|desktop&#8221; background_image_width_phone=&#8221;100%&#8221; global_colors_info=&#8221;{}&#8221;][et_pb_row custom_padding_last_edited=&#8221;on|phone&#8221; admin_label=&#8221;Linia&#8221; _builder_version=&#8221;4.24.2&#8243; _module_preset=&#8221;default&#8221; background_color=&#8221;#ffffff&#8221; background_enable_image=&#8221;off&#8221; background_size=&#8221;contain&#8221; background_position=&#8221;top_left&#8221; width_tablet=&#8221;&#8221; width_phone=&#8221;90%&#8221; width_last_edited=&#8221;on|phone&#8221; custom_margin=&#8221;100px|auto|100px|auto|true|false&#8221; custom_padding=&#8221;0px||17px|43px|false|false&#8221; custom_padding_tablet=&#8221;0px|||43px|false|false&#8221; custom_padding_phone=&#8221;15px|15px||15px|false|true&#8221; border_radii=&#8221;on|15px|15px|15px|15px&#8221; global_colors_info=&#8221;{}&#8221;][et_pb_column type=&#8221;4_4&#8243; _builder_version=&#8221;4.18.0&#8243; _module_preset=&#8221;default&#8221; global_colors_info=&#8221;{}&#8221;][et_pb_text _builder_version=&#8221;4.24.2&#8243; _module_preset=&#8221;default&#8221; text_font=&#8221;|300|||||||&#8221; text_text_color=&#8221;#000000&#8243; text_font_size=&#8221;13px&#8221; text_letter_spacing=&#8221;1px&#8221; link_text_color=&#8221;#1D9B41&#8243; header_font=&#8221;|300||on|||||&#8221; header_text_color=&#8221;#1D9B41&#8243; header_font_size=&#8221;20px&#8221; header_3_font=&#8221;||||||||&#8221; header_4_font=&#8221;|||on|||||&#8221; header_4_text_color=&#8221;#1D9B41&#8243; header_4_font_size=&#8221;30px&#8221; header_4_letter_spacing=&#8221;-3px&#8221; header_4_line_height=&#8221;0.6em&#8221; header_5_font=&#8221;||||||||&#8221; header_5_font_size=&#8221;26px&#8221; text_orientation=&#8221;justified&#8221; width=&#8221;100%&#8221; max_width=&#8221;100%&#8221; min_height=&#8221;516px&#8221; custom_margin=&#8221;49px|||||&#8221; custom_padding=&#8221;8px||0px||false|true&#8221; border_color_left=&#8221;#1D9B41&#8243; global_colors_info=&#8221;{}&#8221;]<\/p>\n<h2 class=\"tm6\"><span style=\"color: #008000;\"><strong><span class=\"tm7\">Autoryzacja zwrotu towaru (RMA):<\/span><\/strong><\/span><\/h2>\n<p class=\"tm6\"><span class=\"tm7\">Aby rozpocz\u0105\u0107 proces zwrotu, wszystkie zwracane produkty musz\u0105 mie\u0107 zatwierdzony numer autoryzacji zwrotu towaru (RMA) i wype\u0142niony formularz zwrotu. Aby uzyska\u0107 numer RMA i formularz zwrotu, wykonaj nast\u0119puj\u0105ce czynno\u015bci: <\/span><\/p>\n<p class=\"tm6\"><span class=\"tm7\">1. wype\u0142ni\u0107 formularz zwrotu na tej stronie.<\/span><\/p>\n<p class=\"tm6\"><span style=\"color: #008000;\"><strong><span class=\"tm7\"><a href=\"\/wp-content\/uploads\/datasheets\/RMA_Form_CHN.pdf\" target=\"_blank\" rel=\"noopener\">(chi\u0144ski) <\/a>            <a href=\"\/wp-content\/uploads\/datasheets\/RMA_Form_EN.pdf\" target=\"_blank\" rel=\"noopener\">(niemiecki\/angielski)<\/a><\/span><\/strong><\/span><\/p>\n<p class=\"tm6\"><span class=\"tm7\">2. przes\u0142a\u0107 wype\u0142niony formularz na adres <span style=\"color: #008000;\"><strong> rma@prignitz-mst.de<\/strong><\/span><\/span><\/p>\n<p class=\"tm6\"><span class=\"tm7\">3. Po sprawdzeniu wniosku RMA otrzymasz od nas formularz zwrotu z przypisanym numerem RMA.<\/span><\/p>\n<p class=\"tm6\"><span class=\"tm7\">4. do\u0142\u0105czy\u0107 kopi\u0119 formularza zwrotu do zwracanego produktu.<\/span><\/p>\n<h3 class=\"tm6\"><span style=\"color: #ff0000;\"><strong><span class=\"tm7\"> <\/span><span class=\"tm7\">WA\u017bNE!<\/span><\/strong><\/span><\/h3>\n<p class=\"tm6\"><span class=\"tm7\"> <\/span><span class=\"tm7\">&#8211; Prignitz Mikrosystemtechnik zastrzega sobie prawo do odmowy zwrotu, je\u015bli dokumentacja (numer RMA i wype\u0142niony formularz zwrotu) nie jest prawid\u0142owa.<\/span><\/p>\n<p class=\"tm6\"><span class=\"tm7\">&#8211; Podczas przegl\u0105du technicznego produkt mo\u017ce zosta\u0107 zdemontowany w celu ustalenia przyczyny usterki. Ponowna instalacja nie jest zazwyczaj mo\u017cliwa. R\u00f3wnowa\u017cna wymiana zostanie zaoferowana tylko wtedy, gdy przyczyna zostanie sklasyfikowana jako zwi\u0105zana z producentem.  <\/span><\/p>\n<p class=\"tm6\"><span class=\"tm7\">&#8211; Wszystkie zwracane produkty musz\u0105 by\u0107 oczyszczone i zdezynfekowane oraz nie mog\u0105 zawiera\u0107 \u017cadnych potencjalnie niebezpiecznych materia\u0142\u00f3w. W przeciwnym razie Prignitz Mikrosystemtechnik mo\u017ce odm\u00f3wi\u0107 przyj\u0119cia zwrotu, a produkt zostanie odes\u0142any na koszt klienta. <\/span><\/p>\n<p>[\/et_pb_text][\/et_pb_column][\/et_pb_row][\/et_pb_section][et_pb_section fb_built=&#8221;1&#8243; _builder_version=&#8221;4.18.0&#8243; _module_preset=&#8221;default&#8221; use_background_color_gradient=&#8221;on&#8221; background_color_gradient_direction=&#8221;90deg&#8221; background_color_gradient_stops=&#8221;#147721 33%|#1d9b41 33%|rgba(35, 183, 71, 1) 67%|#7cda24 67%&#8221; min_height=&#8221;10px&#8221; height=&#8221;10px&#8221; custom_padding=&#8221;0px||0px||false|false&#8221; global_colors_info=&#8221;{}&#8221;][\/et_pb_section][et_pb_section fb_built=&#8221;1&#8243; _builder_version=&#8221;4.18.0&#8243; _module_preset=&#8221;default&#8221; background_color=&#8221;#545454&#8243; custom_margin=&#8221;||||true|false&#8221; custom_padding=&#8221;0px||0px||true|false&#8221; saved_tabs=&#8221;all&#8221; global_colors_info=&#8221;{}&#8221; global_module=&#8221;5683&#8243; theme_builder_area=&#8221;post_content&#8221;][et_pb_row column_structure=&#8221;1_2,1_2&#8243; _builder_version=&#8221;4.25.2&#8243; _module_preset=&#8221;default&#8221; global_colors_info=&#8221;{}&#8221; theme_builder_area=&#8221;post_content&#8221;][et_pb_column type=&#8221;1_2&#8243; _builder_version=&#8221;4.25.2&#8243; _module_preset=&#8221;default&#8221; global_colors_info=&#8221;{}&#8221; theme_builder_area=&#8221;post_content&#8221;][et_pb_text _builder_version=&#8221;4.25.2&#8243; _module_preset=&#8221;default&#8221; text_text_color=&#8221;#FFFFFF&#8221; text_orientation=&#8221;center&#8221; global_colors_info=&#8221;{}&#8221; theme_builder_area=&#8221;post_content&#8221;]<\/p>\n<p>\u00a9 PRIGNITZ Mikrosystemtechnik GmbH 2024<\/p>\n<p>All rights reserved. \/ Alle Rechte vorbehalten. <\/p>\n<p>[\/et_pb_text][\/et_pb_column][et_pb_column type=&#8221;1_2&#8243; _builder_version=&#8221;4.25.2&#8243; _module_preset=&#8221;default&#8221; global_colors_info=&#8221;{}&#8221; theme_builder_area=&#8221;post_content&#8221;][et_pb_text _builder_version=&#8221;4.27.4&#8243; _module_preset=&#8221;default&#8221; global_colors_info=&#8221;{}&#8221; theme_builder_area=&#8221;post_content&#8221;]<\/p>\n<p><a href=\"https:\/\/www.prignitz-mst.de\/privacy-policy\/\" target=\"_blank\" rel=\"noopener\" style=\"color: #1d9b41;\"><b>Data protection Policy <\/b>\/<\/a><a href=\"https:\/\/www.prignitz-mst.de\/de\/datenschutzerklaerung\/\" target=\"_blank\" rel=\"noopener\" style=\"color: #1d9b41;\"><b>Datenschutzerkl\u00e4rung<\/b> \/ <\/a><a href=\"https:\/\/www.prignitz-mst.de\/pl\/polityka-prywatnosci\/\" target=\"_blank\" rel=\"noopener\" style=\"color: #1d9b41;\"><b>Polityka-Prywatnosci<\/b><\/a><\/p>\n<p><a href=\"https:\/\/www.prignitz-mst.de\/imprint\/\" target=\"_blank\" rel=\"noopener\" style=\"color: #1d9b41;\"><b>Imprint \/ <\/b><\/a><a href=\"https:\/\/www.prignitz-mst.de\/de\/impressum\/\" target=\"_blank\" rel=\"noopener\" style=\"color: #1d9b41;\"><b>Impressum \/ <\/b><\/a><a href=\"https:\/\/www.prignitz-mst.de\/pl\/nadruk\/\" target=\"_blank\" rel=\"noopener\" style=\"color: #1d9b41;\"><b>Nadruk<\/b><\/a><\/p>\n<p>[\/et_pb_text][et_pb_button button_url=&#8221;\/wp-content\/uploads\/certifications\/Terms&#038;Conditions.pdf&#8221; button_text=&#8221;Terms&#038;Conditions&#8221; button_alignment=&#8221;left&#8221; _builder_version=&#8221;4.25.2&#8243; _module_preset=&#8221;default&#8221; custom_button=&#8221;on&#8221; button_text_size=&#8221;13px&#8221; button_text_color=&#8221;#FFFFFF&#8221; button_bg_color=&#8221;#1D9B41&#8243; button_border_width=&#8221;0px&#8221; button_border_radius=&#8221;3px&#8221; custom_margin=&#8221;-17px||||false|false&#8221; global_colors_info=&#8221;{}&#8221; theme_builder_area=&#8221;post_content&#8221;][\/et_pb_button][\/et_pb_column][\/et_pb_row][\/et_pb_section]<\/p>\n","protected":false},"excerpt":{"rendered":"<p>&nbsp;Galaktyka niestandardowych rozwi\u0105za\u0144 RMAAutoryzacja zwrotu towaru (RMA): Aby rozpocz\u0105\u0107 proces zwrotu, wszystkie zwracane produkty musz\u0105 mie\u0107 zatwierdzony numer autoryzacji zwrotu towaru (RMA) i wype\u0142niony formularz zwrotu. Aby uzyska\u0107 numer RMA i formularz zwrotu, wykonaj nast\u0119puj\u0105ce czynno\u015bci: 1. wype\u0142ni\u0107 formularz zwrotu na tej stronie. (chi\u0144ski) (niemiecki\/angielski) 2. przes\u0142a\u0107 wype\u0142niony formularz na adres rma@prignitz-mst.de 3. Po sprawdzeniu [&hellip;]<\/p>\n","protected":false},"author":2,"featured_media":0,"parent":5538,"menu_order":0,"comment_status":"closed","ping_status":"closed","template":"","meta":{"_et_pb_use_builder":"on","_et_pb_old_content":"","_et_gb_content_width":"","footnotes":""},"class_list":["post-5544","page","type-page","status-publish","hentry"],"yoast_head":"<!-- This site is optimized with the Yoast SEO plugin v26.8 - https:\/\/yoast.com\/product\/yoast-seo-wordpress\/ -->\n<title>RMA - PRIGNITZ Mikrosystemtechnik<\/title>\n<meta name=\"robots\" content=\"index, follow, max-snippet:-1, max-image-preview:large, max-video-preview:-1\" \/>\n<link rel=\"canonical\" href=\"https:\/\/www.prignitz-mst.de\/pl\/kontakt\/rma\/\" \/>\n<meta property=\"og:locale\" content=\"pl_PL\" \/>\n<meta property=\"og:type\" content=\"article\" \/>\n<meta property=\"og:title\" content=\"RMA - PRIGNITZ Mikrosystemtechnik\" \/>\n<meta property=\"og:description\" content=\"&nbsp;Galaktyka niestandardowych rozwi\u0105za\u0144 RMAAutoryzacja zwrotu towaru (RMA): Aby rozpocz\u0105\u0107 proces zwrotu, wszystkie zwracane produkty musz\u0105 mie\u0107 zatwierdzony numer autoryzacji zwrotu towaru (RMA) i wype\u0142niony formularz zwrotu. Aby uzyska\u0107 numer RMA i formularz zwrotu, wykonaj nast\u0119puj\u0105ce czynno\u015bci: 1. wype\u0142ni\u0107 formularz zwrotu na tej stronie. (chi\u0144ski) (niemiecki\/angielski) 2. przes\u0142a\u0107 wype\u0142niony formularz na adres rma@prignitz-mst.de 3. Po sprawdzeniu [&hellip;]\" \/>\n<meta property=\"og:url\" content=\"https:\/\/www.prignitz-mst.de\/pl\/kontakt\/rma\/\" \/>\n<meta property=\"og:site_name\" content=\"PRIGNITZ Mikrosystemtechnik\" \/>\n<meta property=\"article:modified_time\" content=\"2025-01-20T20:43:31+00:00\" \/>\n<meta name=\"twitter:card\" content=\"summary_large_image\" \/>\n<meta name=\"twitter:label1\" content=\"Szacowany czas czytania\" \/>\n\t<meta name=\"twitter:data1\" content=\"6 minut\" \/>\n<script type=\"application\/ld+json\" class=\"yoast-schema-graph\">{\"@context\":\"https:\/\/schema.org\",\"@graph\":[{\"@type\":\"WebPage\",\"@id\":\"https:\/\/www.prignitz-mst.de\/pl\/kontakt\/rma\/\",\"url\":\"https:\/\/www.prignitz-mst.de\/pl\/kontakt\/rma\/\",\"name\":\"RMA - PRIGNITZ Mikrosystemtechnik\",\"isPartOf\":{\"@id\":\"https:\/\/www.prignitz-mst.de\/#website\"},\"datePublished\":\"2024-03-21T17:06:42+00:00\",\"dateModified\":\"2025-01-20T20:43:31+00:00\",\"breadcrumb\":{\"@id\":\"https:\/\/www.prignitz-mst.de\/pl\/kontakt\/rma\/#breadcrumb\"},\"inLanguage\":\"pl-PL\",\"potentialAction\":[{\"@type\":\"ReadAction\",\"target\":[\"https:\/\/www.prignitz-mst.de\/pl\/kontakt\/rma\/\"]}]},{\"@type\":\"BreadcrumbList\",\"@id\":\"https:\/\/www.prignitz-mst.de\/pl\/kontakt\/rma\/#breadcrumb\",\"itemListElement\":[{\"@type\":\"ListItem\",\"position\":1,\"name\":\"Startseite\",\"item\":\"https:\/\/www.prignitz-mst.de\/pl\/\"},{\"@type\":\"ListItem\",\"position\":2,\"name\":\"Kontakt\",\"item\":\"https:\/\/www.prignitz-mst.de\/pl\/kontakt\/\"},{\"@type\":\"ListItem\",\"position\":3,\"name\":\"RMA\"}]},{\"@type\":\"WebSite\",\"@id\":\"https:\/\/www.prignitz-mst.de\/#website\",\"url\":\"https:\/\/www.prignitz-mst.de\/\",\"name\":\"PRIGNITZ Mikrosystemtechnik\",\"description\":\"pressure sensors for Hydrogen\",\"potentialAction\":[{\"@type\":\"SearchAction\",\"target\":{\"@type\":\"EntryPoint\",\"urlTemplate\":\"https:\/\/www.prignitz-mst.de\/?s={search_term_string}\"},\"query-input\":{\"@type\":\"PropertyValueSpecification\",\"valueRequired\":true,\"valueName\":\"search_term_string\"}}],\"inLanguage\":\"pl-PL\"}]}<\/script>\n<!-- \/ Yoast SEO plugin. -->","yoast_head_json":{"title":"RMA - PRIGNITZ Mikrosystemtechnik","robots":{"index":"index","follow":"follow","max-snippet":"max-snippet:-1","max-image-preview":"max-image-preview:large","max-video-preview":"max-video-preview:-1"},"canonical":"https:\/\/www.prignitz-mst.de\/pl\/kontakt\/rma\/","og_locale":"pl_PL","og_type":"article","og_title":"RMA - PRIGNITZ Mikrosystemtechnik","og_description":"&nbsp;Galaktyka niestandardowych rozwi\u0105za\u0144 RMAAutoryzacja zwrotu towaru (RMA): Aby rozpocz\u0105\u0107 proces zwrotu, wszystkie zwracane produkty musz\u0105 mie\u0107 zatwierdzony numer autoryzacji zwrotu towaru (RMA) i wype\u0142niony formularz zwrotu. Aby uzyska\u0107 numer RMA i formularz zwrotu, wykonaj nast\u0119puj\u0105ce czynno\u015bci: 1. wype\u0142ni\u0107 formularz zwrotu na tej stronie. (chi\u0144ski) (niemiecki\/angielski) 2. przes\u0142a\u0107 wype\u0142niony formularz na adres rma@prignitz-mst.de 3. Po sprawdzeniu [&hellip;]","og_url":"https:\/\/www.prignitz-mst.de\/pl\/kontakt\/rma\/","og_site_name":"PRIGNITZ Mikrosystemtechnik","article_modified_time":"2025-01-20T20:43:31+00:00","twitter_card":"summary_large_image","twitter_misc":{"Szacowany czas czytania":"6 minut"},"schema":{"@context":"https:\/\/schema.org","@graph":[{"@type":"WebPage","@id":"https:\/\/www.prignitz-mst.de\/pl\/kontakt\/rma\/","url":"https:\/\/www.prignitz-mst.de\/pl\/kontakt\/rma\/","name":"RMA - PRIGNITZ Mikrosystemtechnik","isPartOf":{"@id":"https:\/\/www.prignitz-mst.de\/#website"},"datePublished":"2024-03-21T17:06:42+00:00","dateModified":"2025-01-20T20:43:31+00:00","breadcrumb":{"@id":"https:\/\/www.prignitz-mst.de\/pl\/kontakt\/rma\/#breadcrumb"},"inLanguage":"pl-PL","potentialAction":[{"@type":"ReadAction","target":["https:\/\/www.prignitz-mst.de\/pl\/kontakt\/rma\/"]}]},{"@type":"BreadcrumbList","@id":"https:\/\/www.prignitz-mst.de\/pl\/kontakt\/rma\/#breadcrumb","itemListElement":[{"@type":"ListItem","position":1,"name":"Startseite","item":"https:\/\/www.prignitz-mst.de\/pl\/"},{"@type":"ListItem","position":2,"name":"Kontakt","item":"https:\/\/www.prignitz-mst.de\/pl\/kontakt\/"},{"@type":"ListItem","position":3,"name":"RMA"}]},{"@type":"WebSite","@id":"https:\/\/www.prignitz-mst.de\/#website","url":"https:\/\/www.prignitz-mst.de\/","name":"PRIGNITZ Mikrosystemtechnik","description":"pressure sensors for Hydrogen","potentialAction":[{"@type":"SearchAction","target":{"@type":"EntryPoint","urlTemplate":"https:\/\/www.prignitz-mst.de\/?s={search_term_string}"},"query-input":{"@type":"PropertyValueSpecification","valueRequired":true,"valueName":"search_term_string"}}],"inLanguage":"pl-PL"}]}},"_links":{"self":[{"href":"https:\/\/www.prignitz-mst.de\/pl\/wp-json\/wp\/v2\/pages\/5544","targetHints":{"allow":["GET"]}}],"collection":[{"href":"https:\/\/www.prignitz-mst.de\/pl\/wp-json\/wp\/v2\/pages"}],"about":[{"href":"https:\/\/www.prignitz-mst.de\/pl\/wp-json\/wp\/v2\/types\/page"}],"author":[{"embeddable":true,"href":"https:\/\/www.prignitz-mst.de\/pl\/wp-json\/wp\/v2\/users\/2"}],"replies":[{"embeddable":true,"href":"https:\/\/www.prignitz-mst.de\/pl\/wp-json\/wp\/v2\/comments?post=5544"}],"version-history":[{"count":7,"href":"https:\/\/www.prignitz-mst.de\/pl\/wp-json\/wp\/v2\/pages\/5544\/revisions"}],"predecessor-version":[{"id":5769,"href":"https:\/\/www.prignitz-mst.de\/pl\/wp-json\/wp\/v2\/pages\/5544\/revisions\/5769"}],"up":[{"embeddable":true,"href":"https:\/\/www.prignitz-mst.de\/pl\/wp-json\/wp\/v2\/pages\/5538"}],"wp:attachment":[{"href":"https:\/\/www.prignitz-mst.de\/pl\/wp-json\/wp\/v2\/media?parent=5544"}],"curies":[{"name":"wp","href":"https:\/\/api.w.org\/{rel}","templated":true}]}}